{"id":1088933,"date":"2026-04-14T17:10:26","date_gmt":"2026-04-14T17:10:26","guid":{"rendered":"https:\/\/www.solystic.com\/?page_id=1088933"},"modified":"2026-04-14T17:24:56","modified_gmt":"2026-04-14T17:24:56","slug":"cookies","status":"publish","type":"page","link":"https:\/\/www.solystic.com\/fr\/cookies\/","title":{"rendered":"Cookies"},"content":{"rendered":"<div class=\"et_pb_section_0 et_pb_section et_section_regular et_block_section\">\n<div class=\"et_pb_row_0 et_pb_row et_block_row preset--module--divi-row--default\">\n<div class=\"et_pb_column_0 et_pb_column et_pb_column_4_4 et-last-child et_block_column et_pb_css_mix_blend_mode_passthrough\">\n<div class=\"et_pb_text_0 et_pb_text et_pb_bg_layout_light et_pb_module et_flex_module\"><div class=\"et_pb_text_inner\"><h1 data-path-to-node=\"1\">Cookies<\/h1>\n<p data-path-to-node=\"2\"><b data-path-to-node=\"2\" data-index-in-node=\"0\">Description de l'utilisation des cookies sur le site <response-element class=\"\" ng-version=\"0.0.0-PLACEHOLDER\"><link-block _nghost-ng-c2905793980=\"\" class=\"ng-star-inserted\"><a _ngcontent-ng-c2905793980=\"\" target=\"_blank\" rel=\"noopener\" externallink=\"\" _nghost-ng-c2093042594=\"\" jslog=\"197247;track:generic_click,impression,attention;BardVeMetadataKey:[[&quot;r_bdca65d8068f5cd2&quot;,&quot;c_7906678211bc252f&quot;,null,&quot;rc_9b2c15659f1e1134&quot;,null,null,&quot;fr&quot;,null,1,null,null,1,0]]\" href=\"https:\/\/www.solystic.com\" class=\"ng-star-inserted\">www.solystic.com<\/a><\/link-block><\/response-element><\/b><\/p>\n<p data-path-to-node=\"3\">Lors de la consultation de notre site <response-element class=\"\" ng-version=\"0.0.0-PLACEHOLDER\"><link-block _nghost-ng-c2905793980=\"\" class=\"ng-star-inserted\"><a _ngcontent-ng-c2905793980=\"\" target=\"_blank\" rel=\"noopener\" externallink=\"\" _nghost-ng-c2093042594=\"\" jslog=\"197247;track:generic_click,impression,attention;BardVeMetadataKey:[[&quot;r_bdca65d8068f5cd2&quot;,&quot;c_7906678211bc252f&quot;,null,&quot;rc_9b2c15659f1e1134&quot;,null,null,&quot;fr&quot;,null,1,null,null,1,0]]\" href=\"https:\/\/www.solystic.com\" class=\"ng-star-inserted\">www.solystic.com<\/a><\/link-block><\/response-element>, des fichiers cookies sont d\u00e9pos\u00e9s sur votre ordinateur, votre mobile ou votre tablette.<\/p>\n<p data-path-to-node=\"4\"><b data-path-to-node=\"4\" data-index-in-node=\"0\">A) A quoi servent les cookies ?<\/b><\/p>\n<p data-path-to-node=\"5\" id=\"p-rc_9b2c15659f1e1134-19\">Un cookie est un fichier enregistr\u00e9 par votre logiciel navigateur sur le disque dur de votre terminal (PC, tablette, smartphone) lors de la consultation d'un site Web. Un fichier cookie permet au serveur d'identifier le terminal (PC, tablette, Smartphone) dans lequel il est enregistr\u00e9, pendant la dur\u00e9e de validit\u00e9 ou d'enregistrement dudit cookie<span class=\"citation-683\"><\/span><span class=\"citation-682 citation-683 citation-end-683\">.<source-footnote ng-version=\"0.0.0-PLACEHOLDER\" _nghost-ng-c1968286236=\"\"><sup _ngcontent-ng-c1968286236=\"\" class=\"superscript\" data-turn-source-index=\"1\"><\/sup><\/source-footnote><\/span><span class=\"citation-682 citation-end-682\"><source-footnote ng-version=\"0.0.0-PLACEHOLDER\" _nghost-ng-c1968286236=\"\"><sup _ngcontent-ng-c1968286236=\"\" class=\"superscript\" data-turn-source-index=\"2\"><\/sup><\/source-footnote><\/span><sources-carousel-inline ng-version=\"0.0.0-PLACEHOLDER\" _nghost-ng-c4055880836=\"\"><source-inline-chip _ngcontent-ng-c4055880836=\"\" _nghost-ng-c3558464586=\"\" class=\"ng-star-inserted\"><\/source-inline-chip><\/sources-carousel-inline><\/p>\n<div _ngcontent-ng-c3558464586=\"\" class=\"source-inline-chip-container ng-star-inserted\"><\/div>\n<p>&nbsp;<\/p>\n<p data-path-to-node=\"6\" id=\"p-rc_9b2c15659f1e1134-20\"><b data-path-to-node=\"6\" data-index-in-node=\"0\"><span class=\"citation-681\"><\/span><span class=\"citation-680 citation-681\">B) Quels cookies sont utilis\u00e9s sur le site <\/span><response-element class=\"\" ng-version=\"0.0.0-PLACEHOLDER\"><link-block _nghost-ng-c2905793980=\"\" class=\"ng-star-inserted\"><a _ngcontent-ng-c2905793980=\"\" target=\"_blank\" rel=\"noopener\" externallink=\"\" _nghost-ng-c2093042594=\"\" jslog=\"197247;track:generic_click,impression,attention;BardVeMetadataKey:[[&quot;r_bdca65d8068f5cd2&quot;,&quot;c_7906678211bc252f&quot;,null,&quot;rc_9b2c15659f1e1134&quot;,null,null,&quot;fr&quot;,null,1,null,null,1,0]]\" href=\"https:\/\/www.solystic.com\" class=\"ng-star-inserted\"><span class=\"citation-680 citation-681\">www.solystic.com<\/span><\/a><\/link-block><\/response-element><span class=\"citation-680 citation-681 citation-end-681\"> ?<source-footnote ng-version=\"0.0.0-PLACEHOLDER\" _nghost-ng-c1968286236=\"\"><sup _ngcontent-ng-c1968286236=\"\" class=\"superscript\" data-turn-source-index=\"3\"><\/sup><\/source-footnote><\/span><span class=\"citation-680 citation-end-680\"><source-footnote ng-version=\"0.0.0-PLACEHOLDER\" _nghost-ng-c1968286236=\"\"><sup _ngcontent-ng-c1968286236=\"\" class=\"superscript\" data-turn-source-index=\"4\"><\/sup><\/source-footnote><\/span><\/b><sources-carousel-inline ng-version=\"0.0.0-PLACEHOLDER\" _nghost-ng-c4055880836=\"\"><source-inline-chip _ngcontent-ng-c4055880836=\"\" _nghost-ng-c3558464586=\"\" class=\"ng-star-inserted\"><\/source-inline-chip><\/sources-carousel-inline><\/p>\n<div _ngcontent-ng-c3558464586=\"\" class=\"source-inline-chip-container ng-star-inserted\"><\/div>\n<p>&nbsp;<\/p>\n<p data-path-to-node=\"7\" id=\"p-rc_9b2c15659f1e1134-21\"><span class=\"citation-679\"><\/span><span class=\"citation-678 citation-679\">Trois types de fichiers cookies sont utilis\u00e9s sur le site <\/span><response-element class=\"\" ng-version=\"0.0.0-PLACEHOLDER\"><link-block _nghost-ng-c2905793980=\"\" class=\"ng-star-inserted\"><a _ngcontent-ng-c2905793980=\"\" target=\"_blank\" rel=\"noopener\" externallink=\"\" _nghost-ng-c2093042594=\"\" jslog=\"197247;track:generic_click,impression,attention;BardVeMetadataKey:[[&quot;r_bdca65d8068f5cd2&quot;,&quot;c_7906678211bc252f&quot;,null,&quot;rc_9b2c15659f1e1134&quot;,null,null,&quot;fr&quot;,null,1,null,null,1,0]]\" href=\"https:\/\/www.solystic.com\" class=\"ng-star-inserted\"><span class=\"citation-678 citation-679\">www.solystic.com<\/span><\/a><\/link-block><\/response-element><span class=\"citation-678 citation-679 citation-end-679\"> :<source-footnote ng-version=\"0.0.0-PLACEHOLDER\" _nghost-ng-c1968286236=\"\"><sup _ngcontent-ng-c1968286236=\"\" class=\"superscript\" data-turn-source-index=\"5\"><\/sup><\/source-footnote><\/span><span class=\"citation-678 citation-end-678\"><source-footnote ng-version=\"0.0.0-PLACEHOLDER\" _nghost-ng-c1968286236=\"\"><sup _ngcontent-ng-c1968286236=\"\" class=\"superscript\" data-turn-source-index=\"6\"><\/sup><\/source-footnote><\/span><sources-carousel-inline ng-version=\"0.0.0-PLACEHOLDER\" _nghost-ng-c4055880836=\"\"><source-inline-chip _ngcontent-ng-c4055880836=\"\" _nghost-ng-c3558464586=\"\" class=\"ng-star-inserted\"><\/source-inline-chip><\/sources-carousel-inline><\/p>\n<div _ngcontent-ng-c3558464586=\"\" class=\"source-inline-chip-container ng-star-inserted\"><\/div>\n<p>&nbsp;<\/p>\n<ul data-path-to-node=\"8\">\n<li>\n<p data-path-to-node=\"8,0,0\" id=\"p-rc_9b2c15659f1e1134-22\"><span class=\"citation-677\"><\/span><span class=\"citation-676 citation-677 citation-end-677\">Des cookies n\u00e9cessaires au bon fonctionnement du site et principalement :<source-footnote ng-version=\"0.0.0-PLACEHOLDER\" _nghost-ng-c1968286236=\"\"><sup _ngcontent-ng-c1968286236=\"\" class=\"superscript\" data-turn-source-index=\"7\"><\/sup><\/source-footnote><\/span><span class=\"citation-676 citation-end-676\"><source-footnote ng-version=\"0.0.0-PLACEHOLDER\" _nghost-ng-c1968286236=\"\"><sup _ngcontent-ng-c1968286236=\"\" class=\"superscript\" data-turn-source-index=\"8\"><\/sup><\/source-footnote><\/span><sources-carousel-inline ng-version=\"0.0.0-PLACEHOLDER\" _nghost-ng-c4055880836=\"\"><source-inline-chip _ngcontent-ng-c4055880836=\"\" _nghost-ng-c3558464586=\"\" class=\"ng-star-inserted\"><\/source-inline-chip><\/sources-carousel-inline><\/p>\n<div _ngcontent-ng-c3558464586=\"\" class=\"source-inline-chip-container ng-star-inserted\"><\/div>\n<p>&nbsp;<\/p>\n<ul data-path-to-node=\"8,0,1\">\n<li>\n<p data-path-to-node=\"8,0,1,0,0\" id=\"p-rc_9b2c15659f1e1134-23\"><span class=\"citation-674\"><\/span><span class=\"citation-674 citation-675 citation-end-675\">Cookies de session strictement<source-footnote ng-version=\"0.0.0-PLACEHOLDER\" _nghost-ng-c1968286236=\"\"><sup _ngcontent-ng-c1968286236=\"\" class=\"superscript\" data-turn-source-index=\"9\"><\/sup><\/source-footnote><\/span><span class=\"citation-674 citation-end-674\">n\u00e9cessaires \u00e0 l'identifi<source-footnote ng-version=\"0.0.0-PLACEHOLDER\" _nghost-ng-c1968286236=\"\"><sup _ngcontent-ng-c1968286236=\"\" class=\"superscript\" data-turn-source-index=\"10\"><\/sup><\/source-footnote><\/span>cation technique de la connexion. Ces cookies ne sont conserv\u00e9s que pendant la dur\u00e9e de votre connexion au site.<sources-carousel-inline ng-version=\"0.0.0-PLACEHOLDER\" _nghost-ng-c4055880836=\"\"><source-inline-chip _ngcontent-ng-c4055880836=\"\" _nghost-ng-c3558464586=\"\" class=\"ng-star-inserted\"><\/source-inline-chip><\/sources-carousel-inline><\/p>\n<div _ngcontent-ng-c3558464586=\"\" class=\"source-inline-chip-container ng-star-inserted\"><\/div>\n<p>&nbsp;<\/p>\n<\/li>\n<\/ul>\n<\/li>\n<li>\n<p data-path-to-node=\"8,1,0\" id=\"p-rc_9b2c15659f1e1134-24\">Des cookies \u00ab analytiques \u00bb destin\u00e9s \u00e0 analyser le trafic sur le site (exemple : pages les plus consult\u00e9es, requ\u00eates des moteu<span class=\"citation-673\"><\/span><span class=\"citation-672 citation-673 citation-end-673\">rs de recherche ...).<source-footnote ng-version=\"0.0.0-PLACEHOLDER\" _nghost-ng-c1968286236=\"\"><sup _ngcontent-ng-c1968286236=\"\" class=\"superscript\" data-turn-source-index=\"11\"><\/sup><\/source-footnote><\/span><span class=\"citation-672 citation-end-672\"><source-footnote ng-version=\"0.0.0-PLACEHOLDER\" _nghost-ng-c1968286236=\"\"><sup _ngcontent-ng-c1968286236=\"\" class=\"superscript\" data-turn-source-index=\"12\"><\/sup><\/source-footnote><\/span><sources-carousel-inline ng-version=\"0.0.0-PLACEHOLDER\" _nghost-ng-c4055880836=\"\"><source-inline-chip _ngcontent-ng-c4055880836=\"\" _nghost-ng-c3558464586=\"\" class=\"ng-star-inserted\"><\/source-inline-chip><\/sources-carousel-inline><\/p>\n<div _ngcontent-ng-c3558464586=\"\" class=\"source-inline-chip-container ng-star-inserted\"><\/div>\n<p>&nbsp;<\/p>\n<\/li>\n<li>\n<p data-path-to-node=\"8,2,0\" id=\"p-rc_9b2c15659f1e1134-25\"><span class=\"citation-670\"><\/span><span class=\"citation-670 citation-671\">Des cookies g\u00e9r\u00e9s par des tiers qui sont soumises aux politiques de gestion de ces tiers. Nous vous informons de l'objet des cookies dont nous avons connaissance et des moyen<\/span><span class=\"citation-669 citation-670 citation-671 citation-end-671\">s dont vous disposez pour effe<source-footnote ng-version=\"0.0.0-PLACEHOLDER\" _nghost-ng-c1968286236=\"\"><sup _ngcontent-ng-c1968286236=\"\" class=\"superscript\" data-turn-source-index=\"13\"><\/sup><\/source-footnote><\/span><span class=\"citation-669 citation-670 citation-end-670\">ctuer des choix \u00e0 l'\u00e9gard de ces cookies.<source-footnote ng-version=\"0.0.0-PLACEHOLDER\" _nghost-ng-c1968286236=\"\"><sup _ngcontent-ng-c1968286236=\"\" class=\"superscript\" data-turn-source-index=\"14\"><\/sup><\/source-footnote><\/span><span class=\"citation-669 citation-end-669\"><source-footnote ng-version=\"0.0.0-PLACEHOLDER\" _nghost-ng-c1968286236=\"\"><sup _ngcontent-ng-c1968286236=\"\" class=\"superscript\" data-turn-source-index=\"15\"><\/sup><\/source-footnote><\/span><sources-carousel-inline ng-version=\"0.0.0-PLACEHOLDER\" _nghost-ng-c4055880836=\"\"><source-inline-chip _ngcontent-ng-c4055880836=\"\" _nghost-ng-c3558464586=\"\" class=\"ng-star-inserted\"><\/source-inline-chip><\/sources-carousel-inline><\/p>\n<div _ngcontent-ng-c3558464586=\"\" class=\"source-inline-chip-container ng-star-inserted\"><\/div>\n<p>&nbsp;<\/p>\n<\/li>\n<\/ul>\n<p data-path-to-node=\"9\" id=\"p-rc_9b2c15659f1e1134-26\"><b data-path-to-node=\"9\" data-index-in-node=\"0\"><span class=\"citation-667\"><\/span><span class=\"citation-667 citation-668 citation-end-668\">C) Comment refuser \/ supprimer<source-footnote ng-version=\"0.0.0-PLACEHOLDER\" _nghost-ng-c1968286236=\"\"><sup _ngcontent-ng-c1968286236=\"\" class=\"superscript\" data-turn-source-index=\"16\"><\/sup><\/source-footnote><\/span><span class=\"citation-667 citation-end-667\">des cookies :<source-footnote ng-version=\"0.0.0-PLACEHOLDER\" _nghost-ng-c1968286236=\"\"><sup _ngcontent-ng-c1968286236=\"\" class=\"superscript\" data-turn-source-index=\"17\"><\/sup><\/source-footnote><\/span><\/b><sources-carousel-inline ng-version=\"0.0.0-PLACEHOLDER\" _nghost-ng-c4055880836=\"\"><source-inline-chip _ngcontent-ng-c4055880836=\"\" _nghost-ng-c3558464586=\"\" class=\"ng-star-inserted\"><\/source-inline-chip><\/sources-carousel-inline><\/p>\n<div _ngcontent-ng-c3558464586=\"\" class=\"source-inline-chip-container ng-star-inserted\"><\/div>\n<p>&nbsp;<\/p>\n<p data-path-to-node=\"10\" id=\"p-rc_9b2c15659f1e1134-27\"><span class=\"citation-666 citation-end-666\">En tant qu'utilisateur, vous pouvez d\u00e9cider \u00e0 tout moment d'accepter ou non d'enregistrer les fichiers cookies sur votre terminal (PC, tab<source-footnote ng-version=\"0.0.0-PLACEHOLDER\" _nghost-ng-c1968286236=\"\"><sup _ngcontent-ng-c1968286236=\"\" class=\"superscript\" data-turn-source-index=\"18\"><\/sup><\/source-footnote><\/span>lette, Smartphone).<sources-carousel-inline ng-version=\"0.0.0-PLACEHOLDER\" _nghost-ng-c4055880836=\"\"><source-inline-chip _ngcontent-ng-c4055880836=\"\" _nghost-ng-c3558464586=\"\" class=\"ng-star-inserted\"><\/source-inline-chip><\/sources-carousel-inline><\/p>\n<div _ngcontent-ng-c3558464586=\"\" class=\"source-inline-chip-container ng-star-inserted\"><\/div>\n<p>&nbsp;<\/p>\n<p data-path-to-node=\"11\" id=\"p-rc_9b2c15659f1e1134-28\">Si vous avez accept\u00e9 dans votre logiciel navigateur (ex : Microsoft Explorer, Google Chrome, Fir<span class=\"citation-665\"><\/span><span class=\"citation-664 citation-665\"><\/span><span class=\"citation-663 citation-664 citation-665 citation-end-665\">efox, Safari ...) l'enregistrement de cookies sur votre terminal, les cookies d\u00e9pos\u00e9s par les pages et contenus que vous avez consult\u00e9s seront stock\u00e9s temporairement dans un espace d\u00e9di\u00e9 de votre terminal.<source-footnote ng-version=\"0.0.0-PLACEHOLDER\" _nghost-ng-c1968286236=\"\"><sup _ngcontent-ng-c1968286236=\"\" class=\"superscript\" data-turn-source-index=\"19\"><\/sup><\/source-footnote><\/span><span class=\"citation-663 citation-664 citation-end-664\"><source-footnote ng-version=\"0.0.0-PLACEHOLDER\" _nghost-ng-c1968286236=\"\"><sup _ngcontent-ng-c1968286236=\"\" class=\"superscript\" data-turn-source-index=\"20\"><\/sup><\/source-footnote><\/span><span class=\"citation-663 citation-end-663\"><source-footnote ng-version=\"0.0.0-PLACEHOLDER\" _nghost-ng-c1968286236=\"\"><sup _ngcontent-ng-c1968286236=\"\" class=\"superscript\" data-turn-source-index=\"21\"><\/sup><\/source-footnote><\/span><sources-carousel-inline ng-version=\"0.0.0-PLACEHOLDER\" _nghost-ng-c4055880836=\"\"><source-inline-chip _ngcontent-ng-c4055880836=\"\" _nghost-ng-c3558464586=\"\" class=\"ng-star-inserted\"><\/source-inline-chip><\/sources-carousel-inline><\/p>\n<div _ngcontent-ng-c3558464586=\"\" class=\"source-inline-chip-container ng-star-inserted\"><\/div>\n<p>&nbsp;<\/p>\n<p data-path-to-node=\"12\" id=\"p-rc_9b2c15659f1e1134-29\"><span class=\"citation-661\"><\/span><span class=\"citation-660 citation-661\"><\/span><span class=\"citation-660 citation-661 citation-662 citation-end-662\">Si vous refusez l'enregistrement de cookies sur votre terminal, ou si vous supprimez ceu<source-footnote ng-version=\"0.0.0-PLACEHOLDER\" _nghost-ng-c1968286236=\"\"><sup _ngcontent-ng-c1968286236=\"\" class=\"superscript\" data-turn-source-index=\"22\"><\/sup><\/source-footnote><\/span><span class=\"citation-660 citation-661 citation-end-661\">x qui y sont enregistr\u00e9s, vous ne pourrez plus b\u00e9n\u00e9ficier de certaines fonctionnalit\u00e9s de notre site.<source-footnote ng-version=\"0.0.0-PLACEHOLDER\" _nghost-ng-c1968286236=\"\"><sup _ngcontent-ng-c1968286236=\"\" class=\"superscript\" data-turn-source-index=\"23\"><\/sup><\/source-footnote><\/span><span class=\"citation-660 citation-end-660\"><source-footnote ng-version=\"0.0.0-PLACEHOLDER\" _nghost-ng-c1968286236=\"\"><sup _ngcontent-ng-c1968286236=\"\" class=\"superscript\" data-turn-source-index=\"24\"><\/sup><\/source-footnote><\/span><sources-carousel-inline ng-version=\"0.0.0-PLACEHOLDER\" _nghost-ng-c4055880836=\"\"><source-inline-chip _ngcontent-ng-c4055880836=\"\" _nghost-ng-c3558464586=\"\" class=\"ng-star-inserted\"><\/source-inline-chip><\/sources-carousel-inline><\/p>\n<div _ngcontent-ng-c3558464586=\"\" class=\"source-inline-chip-container ng-star-inserted\"><\/div>\n<p>&nbsp;<\/p>\n<p data-path-to-node=\"13\" id=\"p-rc_9b2c15659f1e1134-30\"><span class=\"citation-658\"><\/span><span class=\"citation-658 citation-659 citation-end-659\">Remarque pr\u00e9alable : La plupart des navigateurs acceptent les fichiers cookies par d\u00e9faut. Cepend<source-footnote ng-version=\"0.0.0-PLACEHOLDER\" _nghost-ng-c1968286236=\"\"><sup _ngcontent-ng-c1968286236=\"\" class=\"superscript\" data-turn-source-index=\"25\"><\/sup><\/source-footnote><\/span><span class=\"citation-658\">ant, vous pouvez d\u00e9cider de bloquer ces fichiers cookies ou demander \u00e0 votre<\/span><span class=\"citation-657 citation-658\"><\/span><span class=\"citation-656 citation-657 citation-658 citation-end-658\"> navigateur de vous avertir lorsqu'un site tent<source-footnote ng-version=\"0.0.0-PLACEHOLDER\" _nghost-ng-c1968286236=\"\"><sup _ngcontent-ng-c1968286236=\"\" class=\"superscript\" data-turn-source-index=\"26\"><\/sup><\/source-footnote><\/span><span class=\"citation-656 citation-657 citation-end-657\">e d'impl\u00e9menter un cookie sur votre terminal.<source-footnote ng-version=\"0.0.0-PLACEHOLDER\" _nghost-ng-c1968286236=\"\"><sup _ngcontent-ng-c1968286236=\"\" class=\"superscript\" data-turn-source-index=\"27\"><\/sup><\/source-footnote><\/span><span class=\"citation-656 citation-end-656\"><source-footnote ng-version=\"0.0.0-PLACEHOLDER\" _nghost-ng-c1968286236=\"\"><sup _ngcontent-ng-c1968286236=\"\" class=\"superscript\" data-turn-source-index=\"28\"><\/sup><\/source-footnote><\/span><sources-carousel-inline ng-version=\"0.0.0-PLACEHOLDER\" _nghost-ng-c4055880836=\"\"><source-inline-chip _ngcontent-ng-c4055880836=\"\" _nghost-ng-c3558464586=\"\" class=\"ng-star-inserted\"><\/source-inline-chip><\/sources-carousel-inline><\/p>\n<div _ngcontent-ng-c3558464586=\"\" class=\"source-inline-chip-container ng-star-inserted\"><\/div>\n<p>&nbsp;<\/p>\n<p data-path-to-node=\"14\" id=\"p-rc_9b2c15659f1e1134-31\"><span class=\"citation-655\"><\/span><span class=\"citation-654 citation-655 citation-end-655\">Pour modifier la gestion des cookies de votre navigateur, vous devez modifier les r\u00e9glages dans l'onglet confidentialit\u00e9.<source-footnote ng-version=\"0.0.0-PLACEHOLDER\" _nghost-ng-c1968286236=\"\"><sup _ngcontent-ng-c1968286236=\"\" class=\"superscript\" data-turn-source-index=\"29\"><\/sup><\/source-footnote><\/span><span class=\"citation-654 citation-end-654\"><source-footnote ng-version=\"0.0.0-PLACEHOLDER\" _nghost-ng-c1968286236=\"\"><sup _ngcontent-ng-c1968286236=\"\" class=\"superscript\" data-turn-source-index=\"30\"><\/sup><\/source-footnote><\/span><sources-carousel-inline ng-version=\"0.0.0-PLACEHOLDER\" _nghost-ng-c4055880836=\"\"><source-inline-chip _ngcontent-ng-c4055880836=\"\" _nghost-ng-c3558464586=\"\" class=\"ng-star-inserted\"><\/source-inline-chip><\/sources-carousel-inline><\/p>\n<div _ngcontent-ng-c3558464586=\"\" class=\"source-inline-chip-container ng-star-inserted\"><\/div>\n<p>&nbsp;<\/p>\n<p data-path-to-node=\"15\" id=\"p-rc_9b2c15659f1e1134-32\"><span class=\"citation-652\"><\/span><span class=\"citation-652 citation-653 citation-end-653\">Pour la gestion des cookies et de vos choix, la configuration de<source-footnote ng-version=\"0.0.0-PLACEHOLDER\" _nghost-ng-c1968286236=\"\"><sup _ngcontent-ng-c1968286236=\"\" class=\"superscript\" data-turn-source-index=\"31\"><\/sup><\/source-footnote><\/span><span class=\"citation-652\"><\/span><span class=\"citation-651 citation-652 citation-end-652\"> chaque navigateur est diff\u00e9rente. Elle est d\u00e9crite dans le menu d'aide de votre navigateur, qui vous<source-footnote ng-version=\"0.0.0-PLACEHOLDER\" _nghost-ng-c1968286236=\"\"><sup _ngcontent-ng-c1968286236=\"\" class=\"superscript\" data-turn-source-index=\"32\"><\/sup><\/source-footnote><\/span><span class=\"citation-651 citation-end-651\"> permettra de savoir de quelle mani\u00e8re modifier vos souhaits en mati\u00e8re de cookies :<source-footnote ng-version=\"0.0.0-PLACEHOLDER\" _nghost-ng-c1968286236=\"\"><sup _ngcontent-ng-c1968286236=\"\" class=\"superscript\" data-turn-source-index=\"33\"><\/sup><\/source-footnote><\/span><sources-carousel-inline ng-version=\"0.0.0-PLACEHOLDER\" _nghost-ng-c4055880836=\"\"><source-inline-chip _ngcontent-ng-c4055880836=\"\" _nghost-ng-c3558464586=\"\" class=\"ng-star-inserted\"><\/source-inline-chip><\/sources-carousel-inline><\/p>\n<div _ngcontent-ng-c3558464586=\"\" class=\"source-inline-chip-container ng-star-inserted\"><\/div>\n<p>&nbsp;<\/p>\n<p data-path-to-node=\"16\" id=\"p-rc_9b2c15659f1e1134-33\"><span class=\"citation-650 citation-end-650\">Pour Internet Explorer<source-footnote ng-version=\"0.0.0-PLACEHOLDER\" _nghost-ng-c1968286236=\"\"><sup _ngcontent-ng-c1968286236=\"\" class=\"superscript\" data-turn-source-index=\"34\"><\/sup><\/source-footnote><\/span> <span class=\"citation-649 citation-end-649\">Pour Firefox<source-footnote ng-version=\"0.0.0-PLACEHOLDER\" _nghost-ng-c1968286236=\"\"><sup _ngcontent-ng-c1968286236=\"\" class=\"superscript\" data-turn-source-index=\"35\"><\/sup><\/source-footnote><\/span> <span class=\"citation-648 citation-end-648\">Pour Safari<source-footnote ng-version=\"0.0.0-PLACEHOLDER\" _nghost-ng-c1968286236=\"\"><sup _ngcontent-ng-c1968286236=\"\" class=\"superscript\" data-turn-source-index=\"36\"><\/sup><\/source-footnote><\/span> <span class=\"citation-647 citation-end-647\">Pour Google Chrome<source-footnote ng-version=\"0.0.0-PLACEHOLDER\" _nghost-ng-c1968286236=\"\"><sup _ngcontent-ng-c1968286236=\"\" class=\"superscript\" data-turn-source-index=\"37\"><\/sup><\/source-footnote><\/span> <span class=\"citation-646 citation-end-646\">Pour Opera<source-footnote ng-version=\"0.0.0-PLACEHOLDER\" _nghost-ng-c1968286236=\"\"><sup _ngcontent-ng-c1968286236=\"\" class=\"superscript\" data-turn-source-index=\"38\"><\/sup><\/source-footnote><\/span> <span class=\"citation-645 citation-end-645\">Pour en savoir plus sur les fichiers Cookies, vous pouvez consulter le site de la CNIL<source-footnote ng-version=\"0.0.0-PLACEHOLDER\" _nghost-ng-c1968286236=\"\"><sup _ngcontent-ng-c1968286236=\"\" class=\"superscript\" data-turn-source-index=\"39\"><\/sup><\/source-footnote><\/span><sources-carousel-inline ng-version=\"0.0.0-PLACEHOLDER\" _nghost-ng-c4055880836=\"\"><source-inline-chip _ngcontent-ng-c4055880836=\"\" _nghost-ng-c3558464586=\"\" class=\"ng-star-inserted\"><\/source-inline-chip><\/sources-carousel-inline><\/p>\n<div _ngcontent-ng-c3558464586=\"\" class=\"source-inline-chip-container ng-star-inserted\"><\/div>\n<p>&nbsp;<\/p>\n<hr data-path-to-node=\"17\" \/>\n<p data-path-to-node=\"18\">Plan du site \u2022 Mentions l\u00e9gales \u2022 Donn\u00e9es personnelles \u2022 Cookies \u2022 G\u00e9rer les cookies \u2022 Ethique \u2022 Derni\u00e8re mise \u00e0 jour : Sept-2025 SOLYSTIC SAS 450 Rue Roland Moreno, 26300 Alixan \u2013 France<\/p>\n<\/div><\/div>\n<\/div>\n<\/div>\n<\/div>","protected":false},"excerpt":{"rendered":"","protected":false},"author":1,"featured_media":0,"parent":0,"menu_order":0,"comment_status":"closed","ping_status":"closed","template":"","meta":{"footnotes":""},"class_list":["post-1088933","page","type-page","status-publish","hentry"],"_links":{"self":[{"href":"https:\/\/www.solystic.com\/fr\/wp-json\/wp\/v2\/pages\/1088933","targetHints":{"allow":["GET"]}}],"collection":[{"href":"https:\/\/www.solystic.com\/fr\/wp-json\/wp\/v2\/pages"}],"about":[{"href":"https:\/\/www.solystic.com\/fr\/wp-json\/wp\/v2\/types\/page"}],"author":[{"embeddable":true,"href":"https:\/\/www.solystic.com\/fr\/wp-json\/wp\/v2\/users\/1"}],"replies":[{"embeddable":true,"href":"https:\/\/www.solystic.com\/fr\/wp-json\/wp\/v2\/comments?post=1088933"}],"version-history":[{"count":3,"href":"https:\/\/www.solystic.com\/fr\/wp-json\/wp\/v2\/pages\/1088933\/revisions"}],"predecessor-version":[{"id":1088936,"href":"https:\/\/www.solystic.com\/fr\/wp-json\/wp\/v2\/pages\/1088933\/revisions\/1088936"}],"wp:attachment":[{"href":"https:\/\/www.solystic.com\/fr\/wp-json\/wp\/v2\/media?parent=1088933"}],"curies":[{"name":"wp","href":"https:\/\/api.w.org\/{rel}","templated":true}]}}